{"id":180,"date":"2024-12-19T16:31:00","date_gmt":"2024-12-19T15:31:00","guid":{"rendered":"https:\/\/www.pustertaler-harmonikaverein.com\/?page_id=180"},"modified":"2025-10-14T21:59:22","modified_gmt":"2025-10-14T19:59:22","slug":"termine","status":"publish","type":"page","link":"https:\/\/www.pustertaler-harmonikaverein.com\/?page_id=180","title":{"rendered":"Termine"},"content":{"rendered":"\n<p>F\u00fcr alle Volksmusikliebhaber und Musikanten bieten wir eine umfassende Termin\u00fcbersicht an.<\/p>\n\n\n\n<p>Bitte beachten Sie, dass der Pustertaler Harmonikaverein <strong>nicht<\/strong> der Veranstalter der unten aufgef\u00fchrten Events ist. Die Liste enth\u00e4lt eine Auswahl an Musikveranstaltungen, die f\u00fcr unsere Mitglieder und Besucher der Webseite von Interesse sein k\u00f6nnten.<\/p>\n\n\n\n<p>Sind Sie ein Verein oder Veranstalter? Gerne nehmen wir Ihren Termin in unsere Liste auf \u2013 kontaktieren Sie uns hierf\u00fcr einfach \u00fcber das Kontaktformular.<\/p>\n\n\n\n<p>Wir \u00fcbernehmen keine Haftung f\u00fcr die Richtigkeit und Vollst\u00e4ndigkeit der Angaben.<\/p>\n\n\n\n<table id=\"tablepress-1\" class=\"tablepress tablepress-id-1\">\n<thead>\n<tr class=\"row-1\">\n\t<th class=\"column-1\">am \/ von<\/th><th class=\"column-2\">bis<\/th><th class=\"column-3\">Veranstaltung<\/th><th class=\"column-4\">Ort<\/th><th class=\"column-5\">Land<\/th>\n<\/tr>\n<\/thead>\n<tbody class=\"row-striping row-hover\">\n<tr class=\"row-2\">\n\t<td class=\"column-1\">21.02.2026<\/td><td class=\"column-2\"><\/td><td class=\"column-3\">Musikantentisch #5<\/td><td class=\"column-4\">Unterw\u00f6ger Obertilliach<\/td><td class=\"column-5\">Osttirol<\/td>\n<\/tr>\n<tr class=\"row-3\">\n\t<td class=\"column-1\">20.03.2026<\/td><td class=\"column-2\">22.03.2026<\/td><td class=\"column-3\"><a href=\"https:\/\/www.winterwoodstock.at\/\" target=\"_blank\">Winter-Woodstock<\/a><\/td><td class=\"column-4\">Brixental<\/td><td class=\"column-5\">Tirol<\/td>\n<\/tr>\n<tr class=\"row-4\">\n\t<td class=\"column-1\">08.04.2026<\/td><td class=\"column-2\">12.04.2026<\/td><td class=\"column-3\"><a href=\"https:\/\/www.musikanten-ski-wm.at\/\" target=\"_blank\">Musikanten Ski WM<\/a><\/td><td class=\"column-4\">Schladming<\/td><td class=\"column-5\">Steiermark<\/td>\n<\/tr>\n<tr class=\"row-5\">\n\t<td class=\"column-1\">10.04.2026<\/td><td class=\"column-2\">19:30 Uhr<\/td><td class=\"column-3\">Jahreshauptversammlung<\/td><td class=\"column-4\">Puschtra Alm<\/td><td class=\"column-5\">Osttirol<\/td>\n<\/tr>\n<tr class=\"row-6\">\n\t<td class=\"column-1\">24.04.2026<\/td><td class=\"column-2\">25.04.2026<\/td><td class=\"column-3\"><a href=\"https:\/\/www.pustertaler-harmonikaverein.com\/wp-content\/uploads\/2025\/10\/alpski-vecer-2026-1.jpg\" target=\"_blank\">Alpski Vecer 2025<\/a><\/td><td class=\"column-4\">Bohinj<\/td><td class=\"column-5\">Slowenien<\/td>\n<\/tr>\n<tr class=\"row-7\">\n\t<td class=\"column-1\">02.05.2026<\/td><td class=\"column-2\"><\/td><td class=\"column-3\"><a href=\"https:\/\/www.pustertaler-harmonikaverein.com\/wp-content\/uploads\/2026\/04\/Musikantentisch6.jpeg\" target=\"_blank\">Musikantentisch #6<\/a><\/td><td class=\"column-4\">Gannerhof Innervillgraten<\/td><td class=\"column-5\">Osttirol<br \/>\n<\/td>\n<\/tr>\n<tr class=\"row-8\">\n\t<td class=\"column-1\">08.05.2026<\/td><td class=\"column-2\">10.05.2026<\/td><td class=\"column-3\"><a href=\"https:\/\/deutsche-bildung.provinz.bz.it\/de\/events\/harmonika-intensiv-08\" target=\"_blank\">Harmonika &#8222;Intensiv&#8220; #8<\/a><\/td><td class=\"column-4\">Toblach Hotel Rosengarten<\/td><td class=\"column-5\">S\u00fcdtirol<\/td>\n<\/tr>\n<tr class=\"row-9\">\n\t<td class=\"column-1\">04.06.2026<\/td><td class=\"column-2\">07.06.2026<\/td><td class=\"column-3\"><a href=\"https:\/\/www.blechlawine.at\/blechlawine-2026-festival\/?utm_source=chatgpt.com\" target=\"_blank\">Blechlawine 6.0<\/a><\/td><td class=\"column-4\">Mayrhofen Zillertal<\/td><td class=\"column-5\">Tirol<\/td>\n<\/tr>\n<tr class=\"row-10\">\n\t<td class=\"column-1\">04.06.2026<\/td><td class=\"column-2\">07.06.2026<\/td><td class=\"column-3\">Harmonika WM und Staatsmeisterschaft<a href=\"https:\/\/harmonikaverband.at\/event\/harmonika-weltmeisterschaft-und-staatsmeisterschaften-2026\/\" target=\"_blank\">Harmonika WM<\/a><\/td><td class=\"column-4\">St. Vigil in Enneberg<\/td><td class=\"column-5\">S\u00fcdtirol<\/td>\n<\/tr>\n<tr class=\"row-11\">\n\t<td class=\"column-1\">27.06.2026<\/td><td class=\"column-2\"><\/td><td class=\"column-3\"><a href=\"https:\/\/www.suedsteirerfest.at\/product-page\/ticket-s%C3%BCdsteirerfest-2025\" target=\"_blank\">Das gro\u00dfe S\u00fcdsteirerfest<\/a><\/td><td class=\"column-4\">Leibnitz<\/td><td class=\"column-5\">Steiermark<\/td>\n<\/tr>\n<tr class=\"row-12\">\n\t<td class=\"column-1\">02.07.2026<\/td><td class=\"column-2\">05.07.2026<\/td><td class=\"column-3\"><a href=\"https:\/\/www.woodstockderblasmusik.at\/\" target=\"_blank\">Woodstock der Blasmusik<\/a><\/td><td class=\"column-4\">Arco Arena Innviertel<\/td><td class=\"column-5\">Ober\u00f6sterreich<\/td>\n<\/tr>\n<tr class=\"row-13\">\n\t<td class=\"column-1\">26.08.2026<\/td><td class=\"column-2\">28.08.2026<\/td><td class=\"column-3\">Festival Avsenik 2026<\/td><td class=\"column-4\">Begunje<\/td><td class=\"column-5\">Slowenien<\/td>\n<\/tr>\n<tr class=\"row-14\">\n\t<td class=\"column-1\">28.08.2026<\/td><td class=\"column-2\"><\/td><td class=\"column-3\"><a href=\"https:\/\/www.innkreisbuam.at\/termine-2026\/\" target=\"_blank\">40 Jahre Innkreisbuam<\/a><\/td><td class=\"column-4\">Bad Ischl<\/td><td class=\"column-5\">Ober\u00f6sterreich<\/td>\n<\/tr>\n<tr class=\"row-15\">\n\t<td class=\"column-1\">14.11.2026<\/td><td class=\"column-2\"><\/td><td class=\"column-3\"><a href=\"https:\/\/www.bled.si\/de\/veranstaltungen\/oberkrainerfest-bled-2026\/oberkrainerfest-bled-2026\/\" target=\"_blank\">Oberkrainerfest Bled 2026<\/a><\/td><td class=\"column-4\">Bled<\/td><td class=\"column-5\">Slowenien<\/td>\n<\/tr>\n<tr class=\"row-16\">\n\t<td class=\"column-1\"><\/td><td class=\"column-2\"><\/td><td class=\"column-3\"><\/td><td class=\"column-4\"><\/td><td class=\"column-5\"><\/td>\n<\/tr>\n<tr class=\"row-17\">\n\t<td class=\"column-1\"><\/td><td class=\"column-2\"><\/td><td class=\"column-3\"><\/td><td class=\"column-4\"><\/td><td class=\"column-5\"><\/td>\n<\/tr>\n<tr class=\"row-18\">\n\t<td class=\"column-1\">Termine Pustertaler Harmonikaverein<strong><\/td><td class=\"column-2\"><\/td><td class=\"column-3\"><\/td><td class=\"column-4\"><\/td><td class=\"column-5\"><\/td>\n<\/tr>\n<tr class=\"row-19\">\n\t<td class=\"column-1\"><\/td><td class=\"column-2\"><\/td><td class=\"column-3\"><\/td><td class=\"column-4\"><\/td><td class=\"column-5\"><\/td>\n<\/tr>\n<tr class=\"row-20\">\n\t<td class=\"column-1\">21.02.2026<\/td><td class=\"column-2\"><\/td><td class=\"column-3\">Musikantentisch #5<\/td><td class=\"column-4\">Gasthof Unterw\u00f6ger<\/td><td class=\"column-5\">Osttirol<\/td>\n<\/tr>\n<tr class=\"row-21\">\n\t<td class=\"column-1\">13.03.2026<\/td><td class=\"column-2\">14.03.2026<\/td><td class=\"column-3\">Vereinsausflug S\u00fcdtirol<\/td><td class=\"column-4\">Schenna \/ Pfelders<\/td><td class=\"column-5\">S\u00fcdtirol<\/td>\n<\/tr>\n<tr class=\"row-22\">\n\t<td class=\"column-1\">10.04.2026<\/td><td class=\"column-2\">19:30 Uhr<\/td><td class=\"column-3\">Jahreshauptversammlung<\/td><td class=\"column-4\">Puschtra Alm<\/td><td class=\"column-5\">Osttirol<\/td>\n<\/tr>\n<tr class=\"row-23\">\n\t<td class=\"column-1\">02.05.2026<\/td><td class=\"column-2\"><\/td><td class=\"column-3\">Musikantentisch #6<\/td><td class=\"column-4\">Gannerhof<\/td><td class=\"column-5\">Osttirol &#8211; Innervillgraten<\/td>\n<\/tr>\n<tr class=\"row-24\">\n\t<td class=\"column-1\">08.11.2026<\/td><td class=\"column-2\"><\/td><td class=\"column-3\">Harmonikatreffen<\/td><td class=\"column-4\">Sillian<\/td><td class=\"column-5\">Osttirol<br \/>\n<\/td>\n<\/tr>\n<tr class=\"row-25\">\n\t<td class=\"column-1\"><\/td><td class=\"column-2\"><\/td><td class=\"column-3\"><\/td><td class=\"column-4\"><\/td><td class=\"column-5\"><\/td>\n<\/tr>\n<tr class=\"row-26\">\n\t<td class=\"column-1\"><\/td><td class=\"column-2\"><\/td><td class=\"column-3\"><\/td><td class=\"column-4\"><\/td><td class=\"column-5\"><\/td>\n<\/tr>\n<\/tbody>\n<\/table>\n\n\n\n<figure class=\"wp-block-gallery has-nested-images columns-default is-cropped wp-block-gallery-1 is-layout-flex wp-block-gallery-is-layout-flex\">\n<figure data-wp-context=\"{&quot;imageId&quot;:&quot;69d625f40b6e6&quot;}\" data-wp-interactive=\"core\/image\" data-wp-key=\"69d625f40b6e6\" class=\"wp-block-image size-large wp-lightbox-container\"><img loading=\"lazy\" decoding=\"async\" width=\"819\" height=\"1024\" data-wp-class--hide=\"state.isContentHidden\" data-wp-class--show=\"state.isContentVisible\" data-wp-init=\"callbacks.setButtonStyles\" data-wp-on--click=\"actions.showLightbox\" data-wp-on--load=\"callbacks.setButtonStyles\" data-wp-on-window--resize=\"callbacks.setButtonStyles\" data-id=\"918\" src=\"https:\/\/www.pustertaler-harmonikaverein.com\/wp-content\/uploads\/2025\/10\/WhatsApp-Image-2025-10-14-at-21.06.49-819x1024.jpeg\" alt=\"\" class=\"wp-image-918\" srcset=\"https:\/\/www.pustertaler-harmonikaverein.com\/wp-content\/uploads\/2025\/10\/WhatsApp-Image-2025-10-14-at-21.06.49-819x1024.jpeg 819w, https:\/\/www.pustertaler-harmonikaverein.com\/wp-content\/uploads\/2025\/10\/WhatsApp-Image-2025-10-14-at-21.06.49-240x300.jpeg 240w, https:\/\/www.pustertaler-harmonikaverein.com\/wp-content\/uploads\/2025\/10\/WhatsApp-Image-2025-10-14-at-21.06.49-768x960.jpeg 768w, https:\/\/www.pustertaler-harmonikaverein.com\/wp-content\/uploads\/2025\/10\/WhatsApp-Image-2025-10-14-at-21.06.49-1229x1536.jpeg 1229w, https:\/\/www.pustertaler-harmonikaverein.com\/wp-content\/uploads\/2025\/10\/WhatsApp-Image-2025-10-14-at-21.06.49.jpeg 1440w\" sizes=\"auto, (max-width: 819px) 100vw, 819px\" \/><button\n\t\t\tclass=\"lightbox-trigger\"\n\t\t\ttype=\"button\"\n\t\t\taria-haspopup=\"dialog\"\n\t\t\taria-label=\"Vergr\u00f6\u00dfern\"\n\t\t\tdata-wp-init=\"callbacks.initTriggerButton\"\n\t\t\tdata-wp-on--click=\"actions.showLightbox\"\n\t\t\tdata-wp-style--right=\"state.imageButtonRight\"\n\t\t\tdata-wp-style--top=\"state.imageButtonTop\"\n\t\t>\n\t\t\t<svg xmlns=\"http:\/\/www.w3.org\/2000\/svg\" width=\"12\" height=\"12\" fill=\"none\" viewBox=\"0 0 12 12\">\n\t\t\t\t<path fill=\"#fff\" d=\"M2 0a2 2 0 0 0-2 2v2h1.5V2a.5.5 0 0 1 .5-.5h2V0H2Zm2 10.5H2a.5.5 0 0 1-.5-.5V8H0v2a2 2 0 0 0 2 2h2v-1.5ZM8 12v-1.5h2a.5.5 0 0 0 .5-.5V8H12v2a2 2 0 0 1-2 2H8Zm2-12a2 2 0 0 1 2 2v2h-1.5V2a.5.5 0 0 0-.5-.5H8V0h2Z\" \/>\n\t\t\t<\/svg>\n\t\t<\/button><\/figure>\n\n\n\n<figure data-wp-context=\"{&quot;imageId&quot;:&quot;69d625f40be7a&quot;}\" data-wp-interactive=\"core\/image\" data-wp-key=\"69d625f40be7a\" class=\"wp-block-image size-large wp-lightbox-container\"><img loading=\"lazy\" decoding=\"async\" width=\"724\" height=\"1024\" data-wp-class--hide=\"state.isContentHidden\" data-wp-class--show=\"state.isContentVisible\" data-wp-init=\"callbacks.setButtonStyles\" data-wp-on--click=\"actions.showLightbox\" data-wp-on--load=\"callbacks.setButtonStyles\" data-wp-on-window--resize=\"callbacks.setButtonStyles\" data-id=\"844\" src=\"https:\/\/www.pustertaler-harmonikaverein.com\/wp-content\/uploads\/2025\/08\/251109_Harmonikatreffen-Folder3-724x1024.jpg\" alt=\"\" class=\"wp-image-844\" srcset=\"https:\/\/www.pustertaler-harmonikaverein.com\/wp-content\/uploads\/2025\/08\/251109_Harmonikatreffen-Folder3-724x1024.jpg 724w, https:\/\/www.pustertaler-harmonikaverein.com\/wp-content\/uploads\/2025\/08\/251109_Harmonikatreffen-Folder3-212x300.jpg 212w, https:\/\/www.pustertaler-harmonikaverein.com\/wp-content\/uploads\/2025\/08\/251109_Harmonikatreffen-Folder3-768x1086.jpg 768w, https:\/\/www.pustertaler-harmonikaverein.com\/wp-content\/uploads\/2025\/08\/251109_Harmonikatreffen-Folder3-scaled.jpg 1810w\" sizes=\"auto, (max-width: 724px) 100vw, 724px\" \/><button\n\t\t\tclass=\"lightbox-trigger\"\n\t\t\ttype=\"button\"\n\t\t\taria-haspopup=\"dialog\"\n\t\t\taria-label=\"Vergr\u00f6\u00dfern\"\n\t\t\tdata-wp-init=\"callbacks.initTriggerButton\"\n\t\t\tdata-wp-on--click=\"actions.showLightbox\"\n\t\t\tdata-wp-style--right=\"state.imageButtonRight\"\n\t\t\tdata-wp-style--top=\"state.imageButtonTop\"\n\t\t>\n\t\t\t<svg xmlns=\"http:\/\/www.w3.org\/2000\/svg\" width=\"12\" height=\"12\" fill=\"none\" viewBox=\"0 0 12 12\">\n\t\t\t\t<path fill=\"#fff\" d=\"M2 0a2 2 0 0 0-2 2v2h1.5V2a.5.5 0 0 1 .5-.5h2V0H2Zm2 10.5H2a.5.5 0 0 1-.5-.5V8H0v2a2 2 0 0 0 2 2h2v-1.5ZM8 12v-1.5h2a.5.5 0 0 0 .5-.5V8H12v2a2 2 0 0 1-2 2H8Zm2-12a2 2 0 0 1 2 2v2h-1.5V2a.5.5 0 0 0-.5-.5H8V0h2Z\" \/>\n\t\t\t<\/svg>\n\t\t<\/button><\/figure>\n\n\n\n<figure data-wp-context=\"{&quot;imageId&quot;:&quot;69d625f40c5dd&quot;}\" data-wp-interactive=\"core\/image\" data-wp-key=\"69d625f40c5dd\" class=\"wp-block-image size-large wp-lightbox-container\"><img loading=\"lazy\" decoding=\"async\" width=\"724\" height=\"1024\" data-wp-class--hide=\"state.isContentHidden\" data-wp-class--show=\"state.isContentVisible\" data-wp-init=\"callbacks.setButtonStyles\" data-wp-on--click=\"actions.showLightbox\" data-wp-on--load=\"callbacks.setButtonStyles\" data-wp-on-window--resize=\"callbacks.setButtonStyles\" data-id=\"735\" src=\"https:\/\/www.pustertaler-harmonikaverein.com\/wp-content\/uploads\/2025\/05\/IMG_8291-724x1024.jpg\" alt=\"\" class=\"wp-image-735\" srcset=\"https:\/\/www.pustertaler-harmonikaverein.com\/wp-content\/uploads\/2025\/05\/IMG_8291-724x1024.jpg 724w, https:\/\/www.pustertaler-harmonikaverein.com\/wp-content\/uploads\/2025\/05\/IMG_8291-212x300.jpg 212w, https:\/\/www.pustertaler-harmonikaverein.com\/wp-content\/uploads\/2025\/05\/IMG_8291-768x1087.jpg 768w, https:\/\/www.pustertaler-harmonikaverein.com\/wp-content\/uploads\/2025\/05\/IMG_8291.jpg 841w\" sizes=\"auto, (max-width: 724px) 100vw, 724px\" \/><button\n\t\t\tclass=\"lightbox-trigger\"\n\t\t\ttype=\"button\"\n\t\t\taria-haspopup=\"dialog\"\n\t\t\taria-label=\"Vergr\u00f6\u00dfern\"\n\t\t\tdata-wp-init=\"callbacks.initTriggerButton\"\n\t\t\tdata-wp-on--click=\"actions.showLightbox\"\n\t\t\tdata-wp-style--right=\"state.imageButtonRight\"\n\t\t\tdata-wp-style--top=\"state.imageButtonTop\"\n\t\t>\n\t\t\t<svg xmlns=\"http:\/\/www.w3.org\/2000\/svg\" width=\"12\" height=\"12\" fill=\"none\" viewBox=\"0 0 12 12\">\n\t\t\t\t<path fill=\"#fff\" d=\"M2 0a2 2 0 0 0-2 2v2h1.5V2a.5.5 0 0 1 .5-.5h2V0H2Zm2 10.5H2a.5.5 0 0 1-.5-.5V8H0v2a2 2 0 0 0 2 2h2v-1.5ZM8 12v-1.5h2a.5.5 0 0 0 .5-.5V8H12v2a2 2 0 0 1-2 2H8Zm2-12a2 2 0 0 1 2 2v2h-1.5V2a.5.5 0 0 0-.5-.5H8V0h2Z\" \/>\n\t\t\t<\/svg>\n\t\t<\/button><\/figure>\n\n\n\n<figure data-wp-context=\"{&quot;imageId&quot;:&quot;69d625f40cd2d&quot;}\" data-wp-interactive=\"core\/image\" data-wp-key=\"69d625f40cd2d\" class=\"wp-block-image size-large wp-lightbox-container\"><img loading=\"lazy\" decoding=\"async\" width=\"724\" height=\"1024\" data-wp-class--hide=\"state.isContentHidden\" data-wp-class--show=\"state.isContentVisible\" data-wp-init=\"callbacks.setButtonStyles\" data-wp-on--click=\"actions.showLightbox\" data-wp-on--load=\"callbacks.setButtonStyles\" data-wp-on-window--resize=\"callbacks.setButtonStyles\" data-id=\"873\" src=\"https:\/\/www.pustertaler-harmonikaverein.com\/wp-content\/uploads\/2025\/09\/Unbenannt-1-724x1024.jpg\" alt=\"\" class=\"wp-image-873\" srcset=\"https:\/\/www.pustertaler-harmonikaverein.com\/wp-content\/uploads\/2025\/09\/Unbenannt-1-724x1024.jpg 724w, https:\/\/www.pustertaler-harmonikaverein.com\/wp-content\/uploads\/2025\/09\/Unbenannt-1-212x300.jpg 212w, https:\/\/www.pustertaler-harmonikaverein.com\/wp-content\/uploads\/2025\/09\/Unbenannt-1-768x1086.jpg 768w, https:\/\/www.pustertaler-harmonikaverein.com\/wp-content\/uploads\/2025\/09\/Unbenannt-1-1086x1536.jpg 1086w, https:\/\/www.pustertaler-harmonikaverein.com\/wp-content\/uploads\/2025\/09\/Unbenannt-1-1448x2048.jpg 1448w, https:\/\/www.pustertaler-harmonikaverein.com\/wp-content\/uploads\/2025\/09\/Unbenannt-1-scaled.jpg 1810w\" sizes=\"auto, (max-width: 724px) 100vw, 724px\" \/><button\n\t\t\tclass=\"lightbox-trigger\"\n\t\t\ttype=\"button\"\n\t\t\taria-haspopup=\"dialog\"\n\t\t\taria-label=\"Vergr\u00f6\u00dfern\"\n\t\t\tdata-wp-init=\"callbacks.initTriggerButton\"\n\t\t\tdata-wp-on--click=\"actions.showLightbox\"\n\t\t\tdata-wp-style--right=\"state.imageButtonRight\"\n\t\t\tdata-wp-style--top=\"state.imageButtonTop\"\n\t\t>\n\t\t\t<svg xmlns=\"http:\/\/www.w3.org\/2000\/svg\" width=\"12\" height=\"12\" fill=\"none\" viewBox=\"0 0 12 12\">\n\t\t\t\t<path fill=\"#fff\" d=\"M2 0a2 2 0 0 0-2 2v2h1.5V2a.5.5 0 0 1 .5-.5h2V0H2Zm2 10.5H2a.5.5 0 0 1-.5-.5V8H0v2a2 2 0 0 0 2 2h2v-1.5ZM8 12v-1.5h2a.5.5 0 0 0 .5-.5V8H12v2a2 2 0 0 1-2 2H8Zm2-12a2 2 0 0 1 2 2v2h-1.5V2a.5.5 0 0 0-.5-.5H8V0h2Z\" \/>\n\t\t\t<\/svg>\n\t\t<\/button><\/figure>\n\n\n\n<figure data-wp-context=\"{&quot;imageId&quot;:&quot;69d625f40d3d7&quot;}\" data-wp-interactive=\"core\/image\" data-wp-key=\"69d625f40d3d7\" class=\"wp-block-image size-large wp-lightbox-container\"><img loading=\"lazy\" decoding=\"async\" width=\"960\" height=\"649\" data-wp-class--hide=\"state.isContentHidden\" data-wp-class--show=\"state.isContentVisible\" data-wp-init=\"callbacks.setButtonStyles\" data-wp-on--click=\"actions.showLightbox\" data-wp-on--load=\"callbacks.setButtonStyles\" data-wp-on-window--resize=\"callbacks.setButtonStyles\" data-id=\"855\" src=\"https:\/\/www.pustertaler-harmonikaverein.com\/wp-content\/uploads\/2025\/09\/oberkrainerfest-2025.webp\" alt=\"\" class=\"wp-image-855\" srcset=\"https:\/\/www.pustertaler-harmonikaverein.com\/wp-content\/uploads\/2025\/09\/oberkrainerfest-2025.webp 960w, https:\/\/www.pustertaler-harmonikaverein.com\/wp-content\/uploads\/2025\/09\/oberkrainerfest-2025-300x203.webp 300w, https:\/\/www.pustertaler-harmonikaverein.com\/wp-content\/uploads\/2025\/09\/oberkrainerfest-2025-768x519.webp 768w\" sizes=\"auto, (max-width: 960px) 100vw, 960px\" \/><button\n\t\t\tclass=\"lightbox-trigger\"\n\t\t\ttype=\"button\"\n\t\t\taria-haspopup=\"dialog\"\n\t\t\taria-label=\"Vergr\u00f6\u00dfern\"\n\t\t\tdata-wp-init=\"callbacks.initTriggerButton\"\n\t\t\tdata-wp-on--click=\"actions.showLightbox\"\n\t\t\tdata-wp-style--right=\"state.imageButtonRight\"\n\t\t\tdata-wp-style--top=\"state.imageButtonTop\"\n\t\t>\n\t\t\t<svg xmlns=\"http:\/\/www.w3.org\/2000\/svg\" width=\"12\" height=\"12\" fill=\"none\" viewBox=\"0 0 12 12\">\n\t\t\t\t<path fill=\"#fff\" d=\"M2 0a2 2 0 0 0-2 2v2h1.5V2a.5.5 0 0 1 .5-.5h2V0H2Zm2 10.5H2a.5.5 0 0 1-.5-.5V8H0v2a2 2 0 0 0 2 2h2v-1.5ZM8 12v-1.5h2a.5.5 0 0 0 .5-.5V8H12v2a2 2 0 0 1-2 2H8Zm2-12a2 2 0 0 1 2 2v2h-1.5V2a.5.5 0 0 0-.5-.5H8V0h2Z\" \/>\n\t\t\t<\/svg>\n\t\t<\/button><\/figure>\n<\/figure>\n","protected":false},"excerpt":{"rendered":"<p>F\u00fcr alle Volksmusikliebhaber und Musikanten bieten wir eine umfassende Termin\u00fcbersicht an. Bitte beachten Sie, dass der Pustertaler Harmonikaverein nicht der Veranstalter der unten aufgef\u00fchrten Events&hellip;<\/p>\n","protected":false},"author":2,"featured_media":0,"parent":0,"menu_order":0,"comment_status":"closed","ping_status":"closed","template":"","meta":{"footnotes":""},"class_list":["post-180","page","type-page","status-publish","hentry"],"_links":{"self":[{"href":"https:\/\/www.pustertaler-harmonikaverein.com\/index.php?rest_route=\/wp\/v2\/pages\/180","targetHints":{"allow":["GET"]}}],"collection":[{"href":"https:\/\/www.pustertaler-harmonikaverein.com\/index.php?rest_route=\/wp\/v2\/pages"}],"about":[{"href":"https:\/\/www.pustertaler-harmonikaverein.com\/index.php?rest_route=\/wp\/v2\/types\/page"}],"author":[{"embeddable":true,"href":"https:\/\/www.pustertaler-harmonikaverein.com\/index.php?rest_route=\/wp\/v2\/users\/2"}],"replies":[{"embeddable":true,"href":"https:\/\/www.pustertaler-harmonikaverein.com\/index.php?rest_route=%2Fwp%2Fv2%2Fcomments&post=180"}],"version-history":[{"count":13,"href":"https:\/\/www.pustertaler-harmonikaverein.com\/index.php?rest_route=\/wp\/v2\/pages\/180\/revisions"}],"predecessor-version":[{"id":927,"href":"https:\/\/www.pustertaler-harmonikaverein.com\/index.php?rest_route=\/wp\/v2\/pages\/180\/revisions\/927"}],"wp:attachment":[{"href":"https:\/\/www.pustertaler-harmonikaverein.com\/index.php?rest_route=%2Fwp%2Fv2%2Fmedia&parent=180"}],"curies":[{"name":"wp","href":"https:\/\/api.w.org\/{rel}","templated":true}]}}